{"id":29,"date":"2025-02-25T02:39:26","date_gmt":"2025-02-25T02:39:26","guid":{"rendered":"http:\/\/www.hladinka.com\/contact-us\/"},"modified":"2025-06-10T17:50:53","modified_gmt":"2025-06-10T15:50:53","slug":"kontakt","status":"publish","type":"page","link":"https:\/\/www.hladinka.com\/en\/kontakt\/","title":{"rendered":"Contact"},"content":{"rendered":"<div data-elementor-type=\"wp-page\" data-elementor-id=\"29\" class=\"elementor elementor-29\">\n\t\t\t\t<div class=\"elementor-element elementor-element-4283416 e-con-full e-flex e-con e-parent\" data-id=\"4283416\" data-element_type=\"container\">\n\t\t<div class=\"elementor-element elementor-element-87c900a e-con-full e-flex e-con e-child\" data-id=\"87c900a\" data-element_type=\"container\">\n\t\t<div class=\"elementor-element elementor-element-e3643de e-con-full e-flex e-con e-child\" data-id=\"e3643de\" data-element_type=\"container\">\n\t\t\t\t<div class=\"elementor-element elementor-element-89a63ad elementor-widget__width-initial elementor-invisible elementor-widget elementor-widget-heading\" data-id=\"89a63ad\" data-element_type=\"widget\" data-settings=\"{&quot;_animation&quot;:&quot;opal-move-right&quot;,&quot;_animation_delay&quot;:300}\" data-widget_type=\"heading.default\">\n\t\t\t\t<div class=\"elementor-widget-container\">\n\t\t\t\t\t<h2 class=\"elementor-heading-title elementor-size-default\">Get in touch with us<\/h2>\t\t\t\t<\/div>\n\t\t\t\t<\/div>\n\t\t\n\n \t\t<div class=\"elementor-element elementor-element-b5825f9 elementor-widget__width-initial elementor-invisible elementor-widget elementor-widget-text-editor\" data-id=\"b5825f9\" data-element_type=\"widget\" data-settings=\"{&quot;_animation&quot;:&quot;opal-move-right&quot;,&quot;_animation_delay&quot;:500}\" data-widget_type=\"text-editor.default\">\n\t\t\t\t<div class=\"elementor-widget-container\">\n\t\t\t\t\t\t\t\t\t<p>Write to us or give us a call if you have any questions, want to reserve a table, or plan an event. We're here for you.<\/p>\t\t\t\t\t\t\t\t<\/div>\n\t\t\t\t<\/div>\n\t\t\t\t<div class=\"elementor-element elementor-element-a0a878c elementor-position-left elementor-widget__width-initial elementor-mobile_extra-position-top elementor-view-default elementor-mobile-position-top elementor-vertical-align-top elementor-invisible elementor-widget elementor-widget-icon-box\" data-id=\"a0a878c\" data-element_type=\"widget\" data-settings=\"{&quot;_animation&quot;:&quot;opal-move-left&quot;}\" data-widget_type=\"icon-box.default\">\n\t\t\t\t<div class=\"elementor-widget-container\">\n\t\t\t\t\t\t\t<div class=\"elementor-icon-box-wrapper\">\n\n\t\t\t\t\t\t<div class=\"elementor-icon-box-icon\">\n\t\t\t\t<span  class=\"elementor-icon\">\n\t\t\t\t<i aria-hidden=\"true\" class=\"rostay-icon- rostay-icon-location1\"><\/i>\t\t\t\t<\/span>\n\t\t\t<\/div>\n\t\t\t\n\t\t\t\t\t\t<div class=\"elementor-icon-box-content\">\n\n\t\t\t\t\t\t\t\t\t<h3 class=\"elementor-icon-box-title\">\n\t\t\t\t\t\t<span  >\n\t\t\t\t\t\t\tAdress\t\t\t\t\t\t<\/span>\n\t\t\t\t\t<\/h3>\n\t\t\t\t\n\t\t\t\t\t\t\t\t\t<p class=\"elementor-icon-box-description\">\n\t\t\t\t\t\tLaurinsk\u00e1 210\/8, 811 01 Bratislava-Old Town\t\t\t\t\t<\/p>\n\t\t\t\t\n\t\t\t<\/div>\n\t\t\t\n\t\t<\/div>\n\t\t\t\t\t\t<\/div>\n\t\t\t\t<\/div>\n\t\t\t\t<div class=\"elementor-element elementor-element-082a9b6 elementor-position-left elementor-widget__width-initial elementor-mobile_extra-position-top elementor-view-default elementor-mobile-position-top elementor-vertical-align-top elementor-invisible elementor-widget elementor-widget-icon-box\" data-id=\"082a9b6\" data-element_type=\"widget\" data-settings=\"{&quot;_animation&quot;:&quot;opal-move-right&quot;}\" data-widget_type=\"icon-box.default\">\n\t\t\t\t<div class=\"elementor-widget-container\">\n\t\t\t\t\t\t\t<div class=\"elementor-icon-box-wrapper\">\n\n\t\t\t\t\t\t<div class=\"elementor-icon-box-icon\">\n\t\t\t\t<span  class=\"elementor-icon\">\n\t\t\t\t<i aria-hidden=\"true\" class=\"rostay-icon- rostay-icon-smartphone\"><\/i>\t\t\t\t<\/span>\n\t\t\t<\/div>\n\t\t\t\n\t\t\t\t\t\t<div class=\"elementor-icon-box-content\">\n\n\t\t\t\t\t\t\t\t\t<h3 class=\"elementor-icon-box-title\">\n\t\t\t\t\t\t<span  >\n\t\t\t\t\t\t\tConnect with us\t\t\t\t\t\t<\/span>\n\t\t\t\t\t<\/h3>\n\t\t\t\t\n\t\t\t\t\t\t\t\t\t<p class=\"elementor-icon-box-description\">\n\t\t\t\t\t\tMobil: +421 910 241 555<br>\nE-mail: info@hladinka.com\t\t\t\t\t<\/p>\n\t\t\t\t\n\t\t\t<\/div>\n\t\t\t\n\t\t<\/div>\n\t\t\t\t\t\t<\/div>\n\t\t\t\t<\/div>\n\t\t\t\t<div class=\"elementor-element elementor-element-7f936b9 elementor-position-left elementor-widget__width-initial elementor-mobile_extra-position-top elementor-view-default elementor-mobile-position-top elementor-vertical-align-top elementor-invisible elementor-widget elementor-widget-icon-box\" data-id=\"7f936b9\" data-element_type=\"widget\" data-settings=\"{&quot;_animation&quot;:&quot;opal-move-left&quot;}\" data-widget_type=\"icon-box.default\">\n\t\t\t\t<div class=\"elementor-widget-container\">\n\t\t\t\t\t\t\t<div class=\"elementor-icon-box-wrapper\">\n\n\t\t\t\t\t\t<div class=\"elementor-icon-box-icon\">\n\t\t\t\t<span  class=\"elementor-icon\">\n\t\t\t\t<i aria-hidden=\"true\" class=\"rostay-icon- rostay-icon-working-hours\"><\/i>\t\t\t\t<\/span>\n\t\t\t<\/div>\n\t\t\t\n\t\t\t\t\t\t<div class=\"elementor-icon-box-content\">\n\n\t\t\t\t\t\t\t\t\t<h3 class=\"elementor-icon-box-title\">\n\t\t\t\t\t\t<span  >\n\t\t\t\t\t\t\tOpening hours\t\t\t\t\t\t<\/span>\n\t\t\t\t\t<\/h3>\n\t\t\t\t\n\t\t\t\t\t\t\t\t\t<p class=\"elementor-icon-box-description\">\n\t\t\t\t\t\tPondelok - \u0160tvrok: 11:30 \u2013 24:00\nPiatok - Sobota: 11:30 \u2013 1:00\nNede\u013ea: 11:30 \u2013 23:00 \t\t\t\t\t<\/p>\n\t\t\t\t\n\t\t\t<\/div>\n\t\t\t\n\t\t<\/div>\n\t\t\t\t\t\t<\/div>\n\t\t\t\t<\/div>\n\t\t\t\t<\/div>\n\t\t<div class=\"elementor-element elementor-element-d5d9759 e-con-full e-flex e-con e-child\" data-id=\"d5d9759\" data-element_type=\"container\">\n\t\t\t\t<div class=\"elementor-element elementor-element-1cf6ec4 elementor-invisible elementor-widget elementor-widget-google_maps\" data-id=\"1cf6ec4\" data-element_type=\"widget\" data-settings=\"{&quot;_animation&quot;:&quot;opal-move-left&quot;}\" data-widget_type=\"google_maps.default\">\n\t\t\t\t<div class=\"elementor-widget-container\">\n\t\t\t\t\t\t\t<div class=\"elementor-custom-embed\">\n\t\t\t<iframe loading=\"lazy\"\n\t\t\t\t\tsrc=\"https:\/\/maps.google.com\/maps?q=Laurinsk%C3%A1%20210%2F8%2C%20811%2001%20Bratislava-Star%C3%A9%20Mesto&#038;t=m&#038;z=15&#038;output=embed&#038;iwloc=near\"\n\t\t\t\t\ttitle=\"Laurinsk\u00e1 210\/8, 811 01 Bratislava-Old Town\"\n\t\t\t\t\taria-label=\"Laurinsk\u00e1 210\/8, 811 01 Bratislava-Old Town\"\n\t\t\t><\/iframe>\n\t\t<\/div>\n\t\t\t\t\t\t<\/div>\n\t\t\t\t<\/div>\n\t\t\t\t<\/div>\n\t\t\t\t<\/div>\n\t\t\t\t<\/div>\n\t\t<div class=\"elementor-element elementor-element-cd84d75 e-flex e-con-boxed e-con e-parent\" data-id=\"cd84d75\" data-element_type=\"container\">\n\t\t\t\t\t<div class=\"e-con-inner\">\n\t\t\t\t<div class=\"elementor-element elementor-element-aa96530 elementor-invisible elementor-widget elementor-widget-heading\" data-id=\"aa96530\" data-element_type=\"widget\" data-settings=\"{&quot;_animation&quot;:&quot;opal-move-up&quot;,&quot;_animation_delay&quot;:300}\" data-widget_type=\"heading.default\">\n\t\t\t\t<div class=\"elementor-widget-container\">\n\t\t\t\t\t<h2 class=\"elementor-heading-title elementor-size-default\">Do you have any questions?<\/h2>\t\t\t\t<\/div>\n\t\t\t\t<\/div>\n\t\t\t\t<div class=\"elementor-element elementor-element-a022984 elementor-widget__width-initial elementor-invisible elementor-widget elementor-widget-text-editor\" data-id=\"a022984\" data-element_type=\"widget\" data-settings=\"{&quot;_animation&quot;:&quot;opal-move-up&quot;,&quot;_animation_delay&quot;:400}\" data-widget_type=\"text-editor.default\">\n\t\t\t\t<div class=\"elementor-widget-container\">\n\t\t\t\t\t\t\t\t\t<p>We aim to answer all questions within 24 hours on business days.<br data-start=\"112\" data-end=\"115\" \/>We\u2019ll be happy to answer all your questions.<\/p>\t\t\t\t\t\t\t\t<\/div>\n\t\t\t\t<\/div>\n\t\t\t\t<div class=\"elementor-element elementor-element-8ba91c2 elementor-widget__width-initial elementor-invisible elementor-widget elementor-widget-rostay-contactform\" data-id=\"8ba91c2\" data-element_type=\"widget\" data-settings=\"{&quot;_animation&quot;:&quot;opal-move-up&quot;,&quot;_animation_delay&quot;:500}\" data-widget_type=\"rostay-contactform.default\">\n\t\t\t\t<div class=\"elementor-widget-container\">\n\t\t\t\t\t\n<div class=\"wpcf7 no-js\" id=\"wpcf7-f6182-o1\" lang=\"en-US\" dir=\"ltr\" data-wpcf7-id=\"6182\">\n<div class=\"screen-reader-response\"><p role=\"status\" aria-live=\"polite\" aria-atomic=\"true\"><\/p> <ul><\/ul><\/div>\n<form action=\"\/en\/wp-json\/wp\/v2\/pages\/29#wpcf7-f6182-o1\" method=\"post\" class=\"wpcf7-form init\" aria-label=\"Contact form\" novalidate=\"novalidate\" data-status=\"init\" data-trp-original-action=\"\/en\/wp-json\/wp\/v2\/pages\/29#wpcf7-f6182-o1\">\n<div style=\"display: none;\">\n<input type=\"hidden\" name=\"_wpcf7\" value=\"6182\" \/>\n<input type=\"hidden\" name=\"_wpcf7_version\" value=\"6.0.6\" \/>\n<input type=\"hidden\" name=\"_wpcf7_locale\" value=\"en_US\" \/>\n<input type=\"hidden\" name=\"_wpcf7_unit_tag\" value=\"wpcf7-f6182-o1\" \/>\n<input type=\"hidden\" name=\"_wpcf7_container_post\" value=\"0\" \/>\n<input type=\"hidden\" name=\"_wpcf7_posted_data_hash\" value=\"\" \/>\n<\/div>\n<div class=\"form-1\">\n\t<div class=\"row row-form-1\">\n\t\t<div class=\"column-tablet-6 column-12\">\n\t\t\t<p><span class=\"wpcf7-form-control-wrap\" data-name=\"your-name\"><input size=\"40\" maxlength=\"400\" class=\"wpcf7-form-control wpcf7-text wpcf7-validates-as-required\" id=\"your-name\" aria-required=\"true\" aria-invalid=\"false\" placeholder=\"Name*\" value=\"\" type=\"text\" name=\"your-name\" \/><\/span>\n\t\t\t<\/p>\n\t\t<\/div>\n\t\t<div class=\"column-tablet-6 column-12\">\n\t\t\t<p><span class=\"wpcf7-form-control-wrap\" data-name=\"your-email\"><input size=\"40\" maxlength=\"400\" class=\"wpcf7-form-control wpcf7-email wpcf7-validates-as-required wpcf7-text wpcf7-validates-as-email\" id=\"your-email\" aria-required=\"true\" aria-invalid=\"false\" placeholder=\"Email*\" value=\"\" type=\"email\" name=\"your-email\" \/><\/span>\n\t\t\t<\/p>\n\t\t<\/div>\n\t\t<div class=\"column-12\">\n\t\t\t<p><span class=\"wpcf7-form-control-wrap\" data-name=\"your-message\"><textarea cols=\"40\" rows=\"3\" maxlength=\"2000\" class=\"wpcf7-form-control wpcf7-textarea wpcf7-validates-as-required\" aria-required=\"true\" aria-invalid=\"false\" placeholder=\"Spr\u00e1va*\" name=\"your-message\"><\/textarea><\/span>\n\t\t\t<\/p>\n\t\t<\/div>\n\t<\/div>\n\t<div class=\"wpcf7-button has-spinner\">\n\t\t<p><button type=\"submit\" value=\"Submit\" class=\"rostay-button\" ><span>Send message <i aria-hidden=\"true\" class=\"rostay-icon-arrow-right\"><\/i><\/span><\/button>\n\t\t<\/p>\n\t<\/div>\n<\/div><div class=\"wpcf7-response-output\" aria-hidden=\"true\"><\/div>\n<input type=\"hidden\" name=\"trp-form-language\" value=\"en\"\/><\/form>\n<\/div>\n\t\t\t\t<\/div>\n\t\t\t\t<\/div>\n\t\t\t\t\t<\/div>\n\t\t\t\t<\/div>\n\t\t\t\t<\/div>","protected":false},"excerpt":{"rendered":"<p>Spoj sa s nami Nap\u00ed\u0161 n\u00e1m alebo zavolaj, ak m\u00e1\u0161 ot\u00e1zky, chce\u0161 si rezervova\u0165 st\u00f4l alebo napl\u00e1nova\u0165 event. Sme tu pre teba. Adresa Laurinsk\u00e1 210\/8, 811 01 Bratislava-Star\u00e9 Mesto Spojte sa s nami Mobil: +421 910 241 555 E-mail: info@hladinka.com Otv\u00e1racie hodiny Pondelok &#8211; \u0160tvrok: 11:30 \u2013 24:00 Piatok &#8211; Sobota: 11:30 \u2013 1:00 Nede\u013ea: [&hellip;]<\/p>","protected":false},"author":1,"featured_media":0,"parent":0,"menu_order":0,"comment_status":"closed","ping_status":"closed","template":"","meta":{"footnotes":""},"class_list":["post-29","page","type-page","status-publish","hentry"],"yoast_head":"<!-- This site is optimized with the Yoast SEO plugin v24.9 - https:\/\/yoast.com\/wordpress\/plugins\/seo\/ -->\n<title>Kontakt - HLADINKA<\/title>\n<meta name=\"robots\" content=\"index, follow, max-snippet:-1, max-image-preview:large, max-video-preview:-1\" \/>\n<link rel=\"canonical\" href=\"https:\/\/www.hladinka.com\/en\/kontakt\/\" \/>\n<meta property=\"og:locale\" content=\"en_US\" \/>\n<meta property=\"og:type\" content=\"article\" \/>\n<meta property=\"og:title\" content=\"Kontakt - HLADINKA\" \/>\n<meta property=\"og:description\" content=\"Spoj sa s nami Nap\u00ed\u0161 n\u00e1m alebo zavolaj, ak m\u00e1\u0161 ot\u00e1zky, chce\u0161 si rezervova\u0165 st\u00f4l alebo napl\u00e1nova\u0165 event. Sme tu pre teba. Adresa Laurinsk\u00e1 210\/8, 811 01 Bratislava-Star\u00e9 Mesto Spojte sa s nami Mobil: +421 910 241 555 E-mail: info@hladinka.com Otv\u00e1racie hodiny Pondelok &#8211; \u0160tvrok: 11:30 \u2013 24:00 Piatok &#8211; Sobota: 11:30 \u2013 1:00 Nede\u013ea: [&hellip;]\" \/>\n<meta property=\"og:url\" content=\"https:\/\/www.hladinka.com\/en\/kontakt\/\" \/>\n<meta property=\"og:site_name\" content=\"HLADINKA\" \/>\n<meta property=\"article:modified_time\" content=\"2025-06-10T15:50:53+00:00\" \/>\n<meta name=\"twitter:card\" content=\"summary_large_image\" \/>\n<meta name=\"twitter:label1\" content=\"Est. reading time\" \/>\n\t<meta name=\"twitter:data1\" content=\"1 minute\" \/>\n<script type=\"application\/ld+json\" class=\"yoast-schema-graph\">{\"@context\":\"https:\/\/schema.org\",\"@graph\":[{\"@type\":\"WebPage\",\"@id\":\"https:\/\/www.hladinka.com\/kontakt\/\",\"url\":\"https:\/\/www.hladinka.com\/kontakt\/\",\"name\":\"Kontakt - HLADINKA\",\"isPartOf\":{\"@id\":\"https:\/\/www.hladinka.com\/#website\"},\"datePublished\":\"2025-02-25T02:39:26+00:00\",\"dateModified\":\"2025-06-10T15:50:53+00:00\",\"breadcrumb\":{\"@id\":\"https:\/\/www.hladinka.com\/kontakt\/#breadcrumb\"},\"inLanguage\":\"en-US\",\"potentialAction\":[{\"@type\":\"ReadAction\",\"target\":[\"https:\/\/www.hladinka.com\/kontakt\/\"]}]},{\"@type\":\"BreadcrumbList\",\"@id\":\"https:\/\/www.hladinka.com\/kontakt\/#breadcrumb\",\"itemListElement\":[{\"@type\":\"ListItem\",\"position\":1,\"name\":\"Domovsk\u00e1 str\u00e1nka\",\"item\":\"https:\/\/www.hladinka.com\/\"},{\"@type\":\"ListItem\",\"position\":2,\"name\":\"Kontakt\"}]},{\"@type\":\"WebSite\",\"@id\":\"https:\/\/www.hladinka.com\/#website\",\"url\":\"https:\/\/www.hladinka.com\/\",\"name\":\"HLADINKA\",\"description\":\"Beer &amp; Restaurant\",\"publisher\":{\"@id\":\"https:\/\/www.hladinka.com\/#organization\"},\"potentialAction\":[{\"@type\":\"SearchAction\",\"target\":{\"@type\":\"EntryPoint\",\"urlTemplate\":\"https:\/\/www.hladinka.com\/?s={search_term_string}\"},\"query-input\":{\"@type\":\"PropertyValueSpecification\",\"valueRequired\":true,\"valueName\":\"search_term_string\"}}],\"inLanguage\":\"en-US\"},{\"@type\":\"Organization\",\"@id\":\"https:\/\/www.hladinka.com\/#organization\",\"name\":\"HLADINKA\",\"url\":\"https:\/\/www.hladinka.com\/\",\"logo\":{\"@type\":\"ImageObject\",\"inLanguage\":\"en-US\",\"@id\":\"https:\/\/www.hladinka.com\/#\/schema\/logo\/image\/\",\"url\":\"https:\/\/www.hladinka.com\/wp-content\/uploads\/2025\/06\/cropped-logo-hladinka-05.png\",\"contentUrl\":\"https:\/\/www.hladinka.com\/wp-content\/uploads\/2025\/06\/cropped-logo-hladinka-05.png\",\"width\":1697,\"height\":1089,\"caption\":\"HLADINKA\"},\"image\":{\"@id\":\"https:\/\/www.hladinka.com\/#\/schema\/logo\/image\/\"}}]}<\/script>\n<!-- \/ Yoast SEO plugin. -->","yoast_head_json":{"title":"Kontakt - HLADINKA","robots":{"index":"index","follow":"follow","max-snippet":"max-snippet:-1","max-image-preview":"max-image-preview:large","max-video-preview":"max-video-preview:-1"},"canonical":"https:\/\/www.hladinka.com\/en\/kontakt\/","og_locale":"en_US","og_type":"article","og_title":"Kontakt - HLADINKA","og_description":"Spoj sa s nami Nap\u00ed\u0161 n\u00e1m alebo zavolaj, ak m\u00e1\u0161 ot\u00e1zky, chce\u0161 si rezervova\u0165 st\u00f4l alebo napl\u00e1nova\u0165 event. Sme tu pre teba. Adresa Laurinsk\u00e1 210\/8, 811 01 Bratislava-Star\u00e9 Mesto Spojte sa s nami Mobil: +421 910 241 555 E-mail: info@hladinka.com Otv\u00e1racie hodiny Pondelok &#8211; \u0160tvrok: 11:30 \u2013 24:00 Piatok &#8211; Sobota: 11:30 \u2013 1:00 Nede\u013ea: [&hellip;]","og_url":"https:\/\/www.hladinka.com\/en\/kontakt\/","og_site_name":"HLADINKA","article_modified_time":"2025-06-10T15:50:53+00:00","twitter_card":"summary_large_image","twitter_misc":{"Est. reading time":"1 minute"},"schema":{"@context":"https:\/\/schema.org","@graph":[{"@type":"WebPage","@id":"https:\/\/www.hladinka.com\/kontakt\/","url":"https:\/\/www.hladinka.com\/kontakt\/","name":"Kontakt - HLADINKA","isPartOf":{"@id":"https:\/\/www.hladinka.com\/#website"},"datePublished":"2025-02-25T02:39:26+00:00","dateModified":"2025-06-10T15:50:53+00:00","breadcrumb":{"@id":"https:\/\/www.hladinka.com\/kontakt\/#breadcrumb"},"inLanguage":"en-US","potentialAction":[{"@type":"ReadAction","target":["https:\/\/www.hladinka.com\/kontakt\/"]}]},{"@type":"BreadcrumbList","@id":"https:\/\/www.hladinka.com\/kontakt\/#breadcrumb","itemListElement":[{"@type":"ListItem","position":1,"name":"Domovsk\u00e1 str\u00e1nka","item":"https:\/\/www.hladinka.com\/"},{"@type":"ListItem","position":2,"name":"Kontakt"}]},{"@type":"WebSite","@id":"https:\/\/www.hladinka.com\/#website","url":"https:\/\/www.hladinka.com\/","name":"HLADINKA","description":"Beer &amp; Restaurant","publisher":{"@id":"https:\/\/www.hladinka.com\/#organization"},"potentialAction":[{"@type":"SearchAction","target":{"@type":"EntryPoint","urlTemplate":"https:\/\/www.hladinka.com\/?s={search_term_string}"},"query-input":{"@type":"PropertyValueSpecification","valueRequired":true,"valueName":"search_term_string"}}],"inLanguage":"en-US"},{"@type":"Organization","@id":"https:\/\/www.hladinka.com\/#organization","name":"HLADINKA","url":"https:\/\/www.hladinka.com\/","logo":{"@type":"ImageObject","inLanguage":"en-US","@id":"https:\/\/www.hladinka.com\/#\/schema\/logo\/image\/","url":"https:\/\/www.hladinka.com\/wp-content\/uploads\/2025\/06\/cropped-logo-hladinka-05.png","contentUrl":"https:\/\/www.hladinka.com\/wp-content\/uploads\/2025\/06\/cropped-logo-hladinka-05.png","width":1697,"height":1089,"caption":"HLADINKA"},"image":{"@id":"https:\/\/www.hladinka.com\/#\/schema\/logo\/image\/"}}]}},"_links":{"self":[{"href":"https:\/\/www.hladinka.com\/en\/wp-json\/wp\/v2\/pages\/29","targetHints":{"allow":["GET"]}}],"collection":[{"href":"https:\/\/www.hladinka.com\/en\/wp-json\/wp\/v2\/pages"}],"about":[{"href":"https:\/\/www.hladinka.com\/en\/wp-json\/wp\/v2\/types\/page"}],"author":[{"embeddable":true,"href":"https:\/\/www.hladinka.com\/en\/wp-json\/wp\/v2\/users\/1"}],"replies":[{"embeddable":true,"href":"https:\/\/www.hladinka.com\/en\/wp-json\/wp\/v2\/comments?post=29"}],"version-history":[{"count":22,"href":"https:\/\/www.hladinka.com\/en\/wp-json\/wp\/v2\/pages\/29\/revisions"}],"predecessor-version":[{"id":7056,"href":"https:\/\/www.hladinka.com\/en\/wp-json\/wp\/v2\/pages\/29\/revisions\/7056"}],"wp:attachment":[{"href":"https:\/\/www.hladinka.com\/en\/wp-json\/wp\/v2\/media?parent=29"}],"curies":[{"name":"wp","href":"https:\/\/api.w.org\/{rel}","templated":true}]}}