{"id":27,"date":"2025-02-25T02:39:26","date_gmt":"2025-02-25T02:39:26","guid":{"rendered":"http:\/\/www.hladinka.com\/reservation\/"},"modified":"2025-04-15T06:41:45","modified_gmt":"2025-04-15T04:41:45","slug":"rezervacia","status":"publish","type":"page","link":"https:\/\/www.hladinka.com\/en\/rezervacia\/","title":{"rendered":"Reservation"},"content":{"rendered":"<div data-elementor-type=\"wp-page\" data-elementor-id=\"27\" class=\"elementor elementor-27\">\n\t\t\t\t<div class=\"elementor-element elementor-element-d7a4399 e-flex e-con-boxed e-con e-parent\" data-id=\"d7a4399\" data-element_type=\"container\" data-settings=\"{&quot;background_background&quot;:&quot;classic&quot;}\">\n\t\t\t\t\t<div class=\"e-con-inner\">\n\t\t<div class=\"elementor-element elementor-element-adf9346 e-con-full e-flex e-con e-child\" data-id=\"adf9346\" data-element_type=\"container\">\n\t\t\t\t<\/div>\n\t\t<div class=\"elementor-element elementor-element-e03b74b e-con-full e-flex e-con e-child\" data-id=\"e03b74b\" data-element_type=\"container\" data-settings=\"{&quot;background_background&quot;:&quot;classic&quot;}\">\n\t\t\n\n \t\t<div class=\"elementor-element elementor-element-0bf0658 elementor-align-center subtitle-position-above elementor-invisible elementor-widget elementor-widget-rostay-heading\" data-id=\"0bf0658\" data-element_type=\"widget\" data-settings=\"{&quot;_animation&quot;:&quot;opal-move-up&quot;}\" data-widget_type=\"rostay-heading.default\">\n\t\t\t\t<div class=\"elementor-widget-container\">\n\t\t\t\t\t<div class=\"elementor-heading-wrapper-inner\"><h2 class=\"elementor-heading-title elementor-size-default\">Rezervovava\u0165 st\u00f4l<\/h2><div class=\"elementor-sub-title\"><span>online reservation<\/span><\/div><\/div>\t\t\t\t<\/div>\n\t\t\t\t<\/div>\n\t\t\t\t<div class=\"elementor-element elementor-element-7a2facb elementor-widget__width-auto elementor-absolute elementor-invisible elementor-widget elementor-widget-image\" data-id=\"7a2facb\" data-element_type=\"widget\" data-settings=\"{&quot;_position&quot;:&quot;absolute&quot;,&quot;_animation&quot;:&quot;bounceIn&quot;}\" data-widget_type=\"image.default\">\n\t\t\t\t<div class=\"elementor-widget-container\">\n\t\t\t\t\t\t\t\t\t\t\t\t\t\t\t<img decoding=\"async\" width=\"120\" height=\"113\" src=\"https:\/\/www.hladinka.com\/wp-content\/uploads\/2025\/03\/image-shape-3.png\" class=\"attachment-full size-full wp-image-1336\" alt=\"\" \/>\t\t\t\t\t\t\t\t\t\t\t\t\t\t\t<\/div>\n\t\t\t\t<\/div>\n\t\t\t\t<div class=\"elementor-element elementor-element-41e7e48 elementor-widget__width-auto elementor-absolute elementor-invisible elementor-widget elementor-widget-image\" data-id=\"41e7e48\" data-element_type=\"widget\" data-settings=\"{&quot;_position&quot;:&quot;absolute&quot;,&quot;_animation&quot;:&quot;zoomIn&quot;}\" data-widget_type=\"image.default\">\n\t\t\t\t<div class=\"elementor-widget-container\">\n\t\t\t\t\t\t\t\t\t\t\t\t\t\t\t<img decoding=\"async\" width=\"164\" height=\"177\" src=\"https:\/\/www.hladinka.com\/wp-content\/uploads\/2025\/03\/image-shape-2.png\" class=\"attachment-full size-full wp-image-1335\" alt=\"\" \/>\t\t\t\t\t\t\t\t\t\t\t\t\t\t\t<\/div>\n\t\t\t\t<\/div>\n\t\t\t\t<div class=\"elementor-element elementor-element-1f1ee67 elementor-widget__width-initial elementor-invisible elementor-widget elementor-widget-rostay-contactform\" data-id=\"1f1ee67\" data-element_type=\"widget\" data-settings=\"{&quot;_animation&quot;:&quot;opal-move-up&quot;}\" data-widget_type=\"rostay-contactform.default\">\n\t\t\t\t<div class=\"elementor-widget-container\">\n\t\t\t\t\t\n<div class=\"wpcf7 no-js\" id=\"wpcf7-f832-o1\" lang=\"en-US\" dir=\"ltr\" data-wpcf7-id=\"832\">\n<div class=\"screen-reader-response\"><p role=\"status\" aria-live=\"polite\" aria-atomic=\"true\"><\/p> <ul><\/ul><\/div>\n<form action=\"\/en\/wp-json\/wp\/v2\/pages\/27#wpcf7-f832-o1\" method=\"post\" class=\"wpcf7-form init\" aria-label=\"Contact form\" novalidate=\"novalidate\" data-status=\"init\" data-trp-original-action=\"\/en\/wp-json\/wp\/v2\/pages\/27#wpcf7-f832-o1\">\n<div style=\"display: none;\">\n<input type=\"hidden\" name=\"_wpcf7\" value=\"832\" \/>\n<input type=\"hidden\" name=\"_wpcf7_version\" value=\"6.0.6\" \/>\n<input type=\"hidden\" name=\"_wpcf7_locale\" value=\"en_US\" \/>\n<input type=\"hidden\" name=\"_wpcf7_unit_tag\" value=\"wpcf7-f832-o1\" \/>\n<input type=\"hidden\" name=\"_wpcf7_container_post\" value=\"0\" \/>\n<input type=\"hidden\" name=\"_wpcf7_posted_data_hash\" value=\"\" \/>\n<\/div>\n<div class=\"form-2\">\n\t<div class=\"row row-form-1\">\n\t\t<div class=\"column-12\">\n\t\t\t<p><span class=\"wpcf7-form-control-wrap\" data-name=\"your-name\"><input size=\"40\" maxlength=\"400\" class=\"wpcf7-form-control wpcf7-text wpcf7-validates-as-required\" id=\"your-name\" aria-required=\"true\" aria-invalid=\"false\" value=\"Meno\" type=\"text\" name=\"your-name\" \/><\/span>\n\t\t\t<\/p>\n\t\t<\/div>\n\t\t<div class=\"column-tablet-6 column-12\">\n\t\t\t<p><span class=\"wpcf7-form-control-wrap\" data-name=\"your-email\"><input size=\"40\" maxlength=\"400\" class=\"wpcf7-form-control wpcf7-email wpcf7-validates-as-required wpcf7-text wpcf7-validates-as-email\" id=\"your-email\" aria-required=\"true\" aria-invalid=\"false\" value=\"Email\" type=\"email\" name=\"your-email\" \/><\/span>\n\t\t\t<\/p>\n\t\t<\/div>\n\t\t<div class=\"column-tablet-6 column-12 select-style\">\n\t\t\t<p><span class=\"wpcf7-form-control-wrap\" data-name=\"select-110\"><select class=\"wpcf7-form-control wpcf7-select wpcf7-validates-as-required\" aria-required=\"true\" aria-invalid=\"false\" name=\"select-110\"><option value=\"1 osoba\">1 osoba<\/option><option value=\"2 osoby\">2 osoby<\/option><option value=\"3 osoby\">3 osoby<\/option><option value=\"4 osoby\">4 osoby<\/option><option value=\"5 os\u00f4b\">5 os\u00f4b<\/option><option value=\"6 os\u00f4b\">6 os\u00f4b<\/option><option value=\"7 os\u00f4b\">7 os\u00f4b<\/option><option value=\"8 os\u00f4b\">8 os\u00f4b<\/option><\/select><\/span>\n\t\t\t<\/p>\n\t\t<\/div>\n\t\t<div class=\"column-tablet-6 column-12 date-style\">\n\t\t\t<p><span class=\"wpcf7-form-control-wrap\" data-name=\"date-503\"><input class=\"wpcf7-form-control wpcf7-date wpcf7-validates-as-required wpcf7-validates-as-date\" min=\"2026-04-27\" aria-required=\"true\" aria-invalid=\"false\" value=\"\" type=\"date\" name=\"date-503\" \/><\/span>\n\t\t\t<\/p>\n\t\t<\/div>\n\t\t<div class=\"column-tablet-6 column-12 time-style\">\n\t\t\t<p><span class=\"wpcf7-form-control-wrap\" data-name=\"time-320\"><input class=\"wpcf7-form-control wpcf7-time wpcf7-validates-as-required wpcf7-validates-as-time\" aria-required=\"true\" aria-invalid=\"false\" value=\"16:50\" type=\"time\" name=\"time-320\" \/><\/span>\n\t\t\t<\/p>\n\t\t<\/div>\n\t\t<div class=\"column-12\">\n\t\t\t<p><span class=\"wpcf7-form-control-wrap\" data-name=\"your-message\"><textarea cols=\"40\" rows=\"3\" maxlength=\"2000\" class=\"wpcf7-form-control wpcf7-textarea\" aria-invalid=\"false\" name=\"your-message\">Dodato\u010dn\u00fd text<\/textarea><\/span>\n\t\t\t<\/p>\n\t\t<\/div>\n\t<\/div>\n\t<div class=\"wpcf7-button has-spinner\">\n\t\t<p><button type=\"submit\" value=\"Submit\" class=\"rostay-button\"><br \/>\n<span>Reserve<i aria-hidden=\"true\" class=\"rostay-icon-arrow-right\"><\/i><\/span><br \/>\n<\/button>\n\t\t<\/p>\n\t<\/div>\n<\/div><div class=\"wpcf7-response-output\" aria-hidden=\"true\"><\/div>\n<input type=\"hidden\" name=\"trp-form-language\" value=\"en\"\/><\/form>\n<\/div>\n\t\t\t\t<\/div>\n\t\t\t\t<\/div>\n\t\t\t\t<\/div>\n\t\t\t\t\t<\/div>\n\t\t\t\t<\/div>\n\t\t\t\t<\/div>","protected":false},"excerpt":{"rendered":"<p>Rezervovava\u0165 st\u00f4l Online rezerv\u00e1cia 1 osoba2 osoby3 osoby4 osoby5 os\u00f4b6 os\u00f4b7 os\u00f4b8 os\u00f4b Rezervova\u0165<\/p>","protected":false},"author":1,"featured_media":0,"parent":0,"menu_order":0,"comment_status":"closed","ping_status":"closed","template":"","meta":{"footnotes":""},"class_list":["post-27","page","type-page","status-publish","hentry"],"yoast_head":"<!-- This site is optimized with the Yoast SEO plugin v24.9 - https:\/\/yoast.com\/wordpress\/plugins\/seo\/ -->\n<title>Rezerv\u00e1cia - HLADINKA<\/title>\n<meta name=\"robots\" content=\"index, follow, max-snippet:-1, max-image-preview:large, max-video-preview:-1\" \/>\n<link rel=\"canonical\" href=\"https:\/\/www.hladinka.com\/en\/rezervacia\/\" \/>\n<meta property=\"og:locale\" content=\"en_US\" \/>\n<meta property=\"og:type\" content=\"article\" \/>\n<meta property=\"og:title\" content=\"Rezerv\u00e1cia - HLADINKA\" \/>\n<meta property=\"og:description\" content=\"Rezervovava\u0165 st\u00f4l Online rezerv\u00e1cia 1 osoba2 osoby3 osoby4 osoby5 os\u00f4b6 os\u00f4b7 os\u00f4b8 os\u00f4b Rezervova\u0165\" \/>\n<meta property=\"og:url\" content=\"https:\/\/www.hladinka.com\/en\/rezervacia\/\" \/>\n<meta property=\"og:site_name\" content=\"HLADINKA\" \/>\n<meta property=\"article:modified_time\" content=\"2025-04-15T04:41:45+00:00\" \/>\n<meta property=\"og:image\" content=\"https:\/\/www.hladinka.com\/wp-content\/uploads\/2025\/03\/image-shape-3.png\" \/>\n<meta name=\"twitter:card\" content=\"summary_large_image\" \/>\n<script type=\"application\/ld+json\" class=\"yoast-schema-graph\">{\"@context\":\"https:\/\/schema.org\",\"@graph\":[{\"@type\":\"WebPage\",\"@id\":\"https:\/\/www.hladinka.com\/rezervacia\/\",\"url\":\"https:\/\/www.hladinka.com\/rezervacia\/\",\"name\":\"Rezerv\u00e1cia - HLADINKA\",\"isPartOf\":{\"@id\":\"https:\/\/www.hladinka.com\/#website\"},\"primaryImageOfPage\":{\"@id\":\"https:\/\/www.hladinka.com\/rezervacia\/#primaryimage\"},\"image\":{\"@id\":\"https:\/\/www.hladinka.com\/rezervacia\/#primaryimage\"},\"thumbnailUrl\":\"https:\/\/www.hladinka.com\/wp-content\/uploads\/2025\/03\/image-shape-3.png\",\"datePublished\":\"2025-02-25T02:39:26+00:00\",\"dateModified\":\"2025-04-15T04:41:45+00:00\",\"breadcrumb\":{\"@id\":\"https:\/\/www.hladinka.com\/rezervacia\/#breadcrumb\"},\"inLanguage\":\"en-US\",\"potentialAction\":[{\"@type\":\"ReadAction\",\"target\":[\"https:\/\/www.hladinka.com\/rezervacia\/\"]}]},{\"@type\":\"ImageObject\",\"inLanguage\":\"en-US\",\"@id\":\"https:\/\/www.hladinka.com\/rezervacia\/#primaryimage\",\"url\":\"https:\/\/www.hladinka.com\/wp-content\/uploads\/2025\/03\/image-shape-3.png\",\"contentUrl\":\"https:\/\/www.hladinka.com\/wp-content\/uploads\/2025\/03\/image-shape-3.png\"},{\"@type\":\"BreadcrumbList\",\"@id\":\"https:\/\/www.hladinka.com\/rezervacia\/#breadcrumb\",\"itemListElement\":[{\"@type\":\"ListItem\",\"position\":1,\"name\":\"Domovsk\u00e1 str\u00e1nka\",\"item\":\"https:\/\/www.hladinka.com\/\"},{\"@type\":\"ListItem\",\"position\":2,\"name\":\"Rezerv\u00e1cia\"}]},{\"@type\":\"WebSite\",\"@id\":\"https:\/\/www.hladinka.com\/#website\",\"url\":\"https:\/\/www.hladinka.com\/\",\"name\":\"HLADINKA\",\"description\":\"Beer &amp; Restaurant\",\"publisher\":{\"@id\":\"https:\/\/www.hladinka.com\/#organization\"},\"potentialAction\":[{\"@type\":\"SearchAction\",\"target\":{\"@type\":\"EntryPoint\",\"urlTemplate\":\"https:\/\/www.hladinka.com\/?s={search_term_string}\"},\"query-input\":{\"@type\":\"PropertyValueSpecification\",\"valueRequired\":true,\"valueName\":\"search_term_string\"}}],\"inLanguage\":\"en-US\"},{\"@type\":\"Organization\",\"@id\":\"https:\/\/www.hladinka.com\/#organization\",\"name\":\"HLADINKA\",\"url\":\"https:\/\/www.hladinka.com\/\",\"logo\":{\"@type\":\"ImageObject\",\"inLanguage\":\"en-US\",\"@id\":\"https:\/\/www.hladinka.com\/#\/schema\/logo\/image\/\",\"url\":\"https:\/\/www.hladinka.com\/wp-content\/uploads\/2025\/06\/cropped-logo-hladinka-05.png\",\"contentUrl\":\"https:\/\/www.hladinka.com\/wp-content\/uploads\/2025\/06\/cropped-logo-hladinka-05.png\",\"width\":1697,\"height\":1089,\"caption\":\"HLADINKA\"},\"image\":{\"@id\":\"https:\/\/www.hladinka.com\/#\/schema\/logo\/image\/\"}}]}<\/script>\n<!-- \/ Yoast SEO plugin. -->","yoast_head_json":{"title":"Rezerv\u00e1cia - HLADINKA","robots":{"index":"index","follow":"follow","max-snippet":"max-snippet:-1","max-image-preview":"max-image-preview:large","max-video-preview":"max-video-preview:-1"},"canonical":"https:\/\/www.hladinka.com\/en\/rezervacia\/","og_locale":"en_US","og_type":"article","og_title":"Rezerv\u00e1cia - HLADINKA","og_description":"Rezervovava\u0165 st\u00f4l Online rezerv\u00e1cia 1 osoba2 osoby3 osoby4 osoby5 os\u00f4b6 os\u00f4b7 os\u00f4b8 os\u00f4b Rezervova\u0165","og_url":"https:\/\/www.hladinka.com\/en\/rezervacia\/","og_site_name":"HLADINKA","article_modified_time":"2025-04-15T04:41:45+00:00","og_image":[{"url":"https:\/\/www.hladinka.com\/wp-content\/uploads\/2025\/03\/image-shape-3.png","type":"","width":"","height":""}],"twitter_card":"summary_large_image","schema":{"@context":"https:\/\/schema.org","@graph":[{"@type":"WebPage","@id":"https:\/\/www.hladinka.com\/rezervacia\/","url":"https:\/\/www.hladinka.com\/rezervacia\/","name":"Rezerv\u00e1cia - HLADINKA","isPartOf":{"@id":"https:\/\/www.hladinka.com\/#website"},"primaryImageOfPage":{"@id":"https:\/\/www.hladinka.com\/rezervacia\/#primaryimage"},"image":{"@id":"https:\/\/www.hladinka.com\/rezervacia\/#primaryimage"},"thumbnailUrl":"https:\/\/www.hladinka.com\/wp-content\/uploads\/2025\/03\/image-shape-3.png","datePublished":"2025-02-25T02:39:26+00:00","dateModified":"2025-04-15T04:41:45+00:00","breadcrumb":{"@id":"https:\/\/www.hladinka.com\/rezervacia\/#breadcrumb"},"inLanguage":"en-US","potentialAction":[{"@type":"ReadAction","target":["https:\/\/www.hladinka.com\/rezervacia\/"]}]},{"@type":"ImageObject","inLanguage":"en-US","@id":"https:\/\/www.hladinka.com\/rezervacia\/#primaryimage","url":"https:\/\/www.hladinka.com\/wp-content\/uploads\/2025\/03\/image-shape-3.png","contentUrl":"https:\/\/www.hladinka.com\/wp-content\/uploads\/2025\/03\/image-shape-3.png"},{"@type":"BreadcrumbList","@id":"https:\/\/www.hladinka.com\/rezervacia\/#breadcrumb","itemListElement":[{"@type":"ListItem","position":1,"name":"Domovsk\u00e1 str\u00e1nka","item":"https:\/\/www.hladinka.com\/"},{"@type":"ListItem","position":2,"name":"Rezerv\u00e1cia"}]},{"@type":"WebSite","@id":"https:\/\/www.hladinka.com\/#website","url":"https:\/\/www.hladinka.com\/","name":"HLADINKA","description":"Beer &amp; Restaurant","publisher":{"@id":"https:\/\/www.hladinka.com\/#organization"},"potentialAction":[{"@type":"SearchAction","target":{"@type":"EntryPoint","urlTemplate":"https:\/\/www.hladinka.com\/?s={search_term_string}"},"query-input":{"@type":"PropertyValueSpecification","valueRequired":true,"valueName":"search_term_string"}}],"inLanguage":"en-US"},{"@type":"Organization","@id":"https:\/\/www.hladinka.com\/#organization","name":"HLADINKA","url":"https:\/\/www.hladinka.com\/","logo":{"@type":"ImageObject","inLanguage":"en-US","@id":"https:\/\/www.hladinka.com\/#\/schema\/logo\/image\/","url":"https:\/\/www.hladinka.com\/wp-content\/uploads\/2025\/06\/cropped-logo-hladinka-05.png","contentUrl":"https:\/\/www.hladinka.com\/wp-content\/uploads\/2025\/06\/cropped-logo-hladinka-05.png","width":1697,"height":1089,"caption":"HLADINKA"},"image":{"@id":"https:\/\/www.hladinka.com\/#\/schema\/logo\/image\/"}}]}},"_links":{"self":[{"href":"https:\/\/www.hladinka.com\/en\/wp-json\/wp\/v2\/pages\/27","targetHints":{"allow":["GET"]}}],"collection":[{"href":"https:\/\/www.hladinka.com\/en\/wp-json\/wp\/v2\/pages"}],"about":[{"href":"https:\/\/www.hladinka.com\/en\/wp-json\/wp\/v2\/types\/page"}],"author":[{"embeddable":true,"href":"https:\/\/www.hladinka.com\/en\/wp-json\/wp\/v2\/users\/1"}],"replies":[{"embeddable":true,"href":"https:\/\/www.hladinka.com\/en\/wp-json\/wp\/v2\/comments?post=27"}],"version-history":[{"count":23,"href":"https:\/\/www.hladinka.com\/en\/wp-json\/wp\/v2\/pages\/27\/revisions"}],"predecessor-version":[{"id":6730,"href":"https:\/\/www.hladinka.com\/en\/wp-json\/wp\/v2\/pages\/27\/revisions\/6730"}],"wp:attachment":[{"href":"https:\/\/www.hladinka.com\/en\/wp-json\/wp\/v2\/media?parent=27"}],"curies":[{"name":"wp","href":"https:\/\/api.w.org\/{rel}","templated":true}]}}